{"id":33,"date":"2023-06-21T12:54:02","date_gmt":"2023-06-21T12:54:02","guid":{"rendered":"https:\/\/tnvisaadvisors.com\/?page_id=33"},"modified":"2024-02-01T23:23:55","modified_gmt":"2024-02-01T23:23:55","slug":"our-team","status":"publish","type":"page","link":"https:\/\/tnvisaadvisors.com\/es\/our-team\/","title":{"rendered":"Equipo"},"content":{"rendered":"<div data-elementor-type=\"wp-page\" data-elementor-id=\"33\" class=\"elementor elementor-33\" data-elementor-post-type=\"page\">\n\t\t\t\t<div class=\"elementor-element elementor-element-9ae6b98 e-con-full e-flex e-con e-parent\" data-id=\"9ae6b98\" data-element_type=\"container\" data-e-type=\"container\" data-settings=\"{&quot;background_background&quot;:&quot;classic&quot;}\">\n\t\t<div class=\"elementor-element elementor-element-eade69f e-con-full e-flex e-con e-child\" data-id=\"eade69f\" data-element_type=\"container\" data-e-type=\"container\" data-settings=\"{&quot;background_background&quot;:&quot;classic&quot;}\">\n\t\t\t\t<div class=\"elementor-element elementor-element-730e900 elementor-widget elementor-widget-heading\" data-id=\"730e900\" data-element_type=\"widget\" data-e-type=\"widget\" data-widget_type=\"heading.default\">\n\t\t\t\t<div class=\"elementor-widget-container\">\n\t\t\t\t\t<h1 class=\"elementor-heading-title elementor-size-default\">Equipo<\/h1>\t\t\t\t<\/div>\n\t\t\t\t<\/div>\n\t\t\t\t<\/div>\n\t\t<div class=\"elementor-element elementor-element-16a5f71 e-con-full elementor-hidden-mobile e-flex e-con e-child\" data-id=\"16a5f71\" data-element_type=\"container\" data-e-type=\"container\">\n\t\t\t\t<\/div>\n\t\t\t\t<\/div>\n\t\t<div class=\"elementor-element elementor-element-59e6271 e-flex e-con-boxed e-con e-parent\" data-id=\"59e6271\" data-element_type=\"container\" data-e-type=\"container\">\n\t\t\t\t\t<div class=\"e-con-inner\">\n\t\t\t\t<div class=\"elementor-element elementor-element-7f1aedf elementor-widget elementor-widget-text-editor\" data-id=\"7f1aedf\" data-element_type=\"widget\" data-e-type=\"widget\" data-widget_type=\"text-editor.default\">\n\t\t\t\t<div class=\"elementor-widget-container\">\n\t\t\t\t\t\t\t\t\t<p>Presentamos a nuestro equipo dedicado en TN Visa Advisors, una firma estadounidense fundada en 2016 con una visi\u00f3n clara: simplificar el proceso de migraci\u00f3n. Nuestros fundadores tienen experiencia de primera mano en la navegaci\u00f3n del proceso de Visa TN, habiendo trabajado extensamente con diferentes empleadores a lo largo de los a\u00f1os. A trav\u00e9s de estas experiencias, obtuvimos un conocimiento invaluable, aprendiendo lo que se debe y no se debe hacer en el proceso de Visa TN.<\/p><p>\u00a0<\/p><p>Reconociendo la urgencia por una soluci\u00f3n m\u00e1s eficaz, econ\u00f3mica y r\u00e1pida, decidimos colaborar con expertos en el campo de la inmigraci\u00f3n. En conjunto, hemos desarrollado un modelo de negocio que optimiza el proceso de visas TN, permiti\u00e9ndonos tramitar estas visas en pocos d\u00edas y a un costo significativamente reducido. Estamos tan seguros de nuestra habilidad para entregar resultados, que brindamos una garant\u00eda de reembolso. Si la visa no es otorgada tras nuestros servicios, siempre y cuando el riesgo sea bajo, le devolveremos la tarifa honoraria. As\u00ed de simple.<\/p><p>\u00a0<\/p><p>Aunque somos conscientes de que no todos los solicitantes obtienen la aprobaci\u00f3n de una visa TN, nuestro equipo en TN Visa Advisors se dedica a prestar el servicio m\u00e1s eficiente para maximizar sus posibilidades de \u00e9xito. No podemos garantizar un \u00edndice de \u00e9xito del 100%, pero aseguramos nuestro total compromiso con su caso. Nuestro equipo comprometido lleva a cabo una meticulosa revisi\u00f3n de todos los elementos y riesgos asociados a su solicitud, brindando as\u00ed el m\u00e1s alto nivel de servicio a nuestros clientes.<\/p><p>\u00a0<\/p><p>\u00danase a nosotros en este viaje para simplificar el proceso de Visa TN. Con TN Visa Advisors, puede confiar en nuestra experiencia, transparencia y compromiso inquebrantable para satisfacer sus necesidades.<\/p>\t\t\t\t\t\t\t\t<\/div>\n\t\t\t\t<\/div>\n\t\t\t\t\t<\/div>\n\t\t\t\t<\/div>\n\t\t<div class=\"elementor-element elementor-element-7024d7e e-flex e-con-boxed e-con e-parent\" data-id=\"7024d7e\" data-element_type=\"container\" data-e-type=\"container\">\n\t\t\t\t\t<div class=\"e-con-inner\">\n\t\t<div class=\"elementor-element elementor-element-10eba3e e-con-full e-flex e-con e-child\" data-id=\"10eba3e\" data-element_type=\"container\" data-e-type=\"container\">\n\t\t<div class=\"elementor-element elementor-element-b07508b e-con-full e-flex e-con e-child\" data-id=\"b07508b\" data-element_type=\"container\" data-e-type=\"container\">\n\t\t\t\t<div class=\"elementor-element elementor-element-5e6c65f elementor-widget elementor-widget-image\" data-id=\"5e6c65f\" data-element_type=\"widget\" data-e-type=\"widget\" data-widget_type=\"image.default\">\n\t\t\t\t<div class=\"elementor-widget-container\">\n\t\t\t\t\t\t\t\t\t\t\t\t\t\t\t\t<a href=\"https:\/\/tnvisaadvisors.com\/es\/our-team\/kelvin-kettelsen-m-s\/\">\n\t\t\t\t\t\t\t<img fetchpriority=\"high\" decoding=\"async\" width=\"431\" height=\"342\" src=\"https:\/\/tnvisaadvisors.com\/wp-content\/uploads\/2023\/06\/Kelvin-Kettelsen-M.S.webp\" class=\"elementor-animation-float attachment-full size-full wp-image-589\" alt=\"Kelvin Kettelsen, M.S.\" srcset=\"https:\/\/tnvisaadvisors.com\/wp-content\/uploads\/2023\/06\/Kelvin-Kettelsen-M.S.webp 431w, https:\/\/tnvisaadvisors.com\/wp-content\/uploads\/2023\/06\/Kelvin-Kettelsen-M.S-300x238.webp 300w\" sizes=\"(max-width: 431px) 100vw, 431px\" \/>\t\t\t\t\t\t\t\t<\/a>\n\t\t\t\t\t\t\t\t\t\t\t\t\t\t\t<\/div>\n\t\t\t\t<\/div>\n\t\t\t\t<div class=\"elementor-element elementor-element-845eb50 elementor-widget elementor-widget-heading\" data-id=\"845eb50\" data-element_type=\"widget\" data-e-type=\"widget\" data-widget_type=\"heading.default\">\n\t\t\t\t<div class=\"elementor-widget-container\">\n\t\t\t\t\t<h2 class=\"elementor-heading-title elementor-size-default\"><a href=\"https:\/\/tnvisaadvisors.com\/es\/our-team\/kelvin-kettelsen-m-s\/\">Kelvin Kettelsen, M.S.<\/a><\/h2>\t\t\t\t<\/div>\n\t\t\t\t<\/div>\n\t\t\t\t<div class=\"elementor-element elementor-element-aa8ba70 elementor-widget elementor-widget-heading\" data-id=\"aa8ba70\" data-element_type=\"widget\" data-e-type=\"widget\" data-widget_type=\"heading.default\">\n\t\t\t\t<div class=\"elementor-widget-container\">\n\t\t\t\t\t<p class=\"elementor-heading-title elementor-size-default\"><a href=\"https:\/\/tnvisaadvisors.com\/es\/our-team\/kelvin-kettelsen-m-s\/\">Read More &gt;&gt;<\/a><\/p>\t\t\t\t<\/div>\n\t\t\t\t<\/div>\n\t\t\t\t<\/div>\n\t\t<div class=\"elementor-element elementor-element-9222159 e-con-full e-flex e-con e-child\" data-id=\"9222159\" data-element_type=\"container\" data-e-type=\"container\">\n\t\t\t\t<div class=\"elementor-element elementor-element-16f26ee elementor-widget elementor-widget-image\" data-id=\"16f26ee\" data-element_type=\"widget\" data-e-type=\"widget\" data-widget_type=\"image.default\">\n\t\t\t\t<div class=\"elementor-widget-container\">\n\t\t\t\t\t\t\t\t\t\t\t\t\t\t\t\t<a href=\"https:\/\/tnvisaadvisors.com\/es\/our-team\/attorney-nahime-esquerra\/\">\n\t\t\t\t\t\t\t<img decoding=\"async\" width=\"431\" height=\"342\" src=\"https:\/\/tnvisaadvisors.com\/wp-content\/uploads\/2023\/06\/Attorney-Nahime-Esquerra.webp\" class=\"elementor-animation-float attachment-full size-full wp-image-591\" alt=\"Attorney Nahime Esquerra\" srcset=\"https:\/\/tnvisaadvisors.com\/wp-content\/uploads\/2023\/06\/Attorney-Nahime-Esquerra.webp 431w, https:\/\/tnvisaadvisors.com\/wp-content\/uploads\/2023\/06\/Attorney-Nahime-Esquerra-300x238.webp 300w\" sizes=\"(max-width: 431px) 100vw, 431px\" \/>\t\t\t\t\t\t\t\t<\/a>\n\t\t\t\t\t\t\t\t\t\t\t\t\t\t\t<\/div>\n\t\t\t\t<\/div>\n\t\t\t\t<div class=\"elementor-element elementor-element-9f0ae43 elementor-widget elementor-widget-heading\" data-id=\"9f0ae43\" data-element_type=\"widget\" data-e-type=\"widget\" data-widget_type=\"heading.default\">\n\t\t\t\t<div class=\"elementor-widget-container\">\n\t\t\t\t\t<h2 class=\"elementor-heading-title elementor-size-default\"><a href=\"https:\/\/tnvisaadvisors.com\/es\/our-team\/attorney-nahime-esquerra\/\">Attorney Nahime Esquerra<\/a><\/h2>\t\t\t\t<\/div>\n\t\t\t\t<\/div>\n\t\t\t\t<div class=\"elementor-element elementor-element-9c1b742 elementor-widget elementor-widget-heading\" data-id=\"9c1b742\" data-element_type=\"widget\" data-e-type=\"widget\" data-widget_type=\"heading.default\">\n\t\t\t\t<div class=\"elementor-widget-container\">\n\t\t\t\t\t<p class=\"elementor-heading-title elementor-size-default\"><a href=\"https:\/\/tnvisaadvisors.com\/es\/our-team\/attorney-nahime-esquerra\/\">Read More &gt;&gt;<\/a><\/p>\t\t\t\t<\/div>\n\t\t\t\t<\/div>\n\t\t\t\t<\/div>\n\t\t\t\t<\/div>\n\t\t\t\t\t<\/div>\n\t\t\t\t<\/div>\n\t\t<div class=\"elementor-element elementor-element-1ef35c8 e-con-full e-flex e-con e-parent\" data-id=\"1ef35c8\" data-element_type=\"container\" data-e-type=\"container\" data-settings=\"{&quot;background_background&quot;:&quot;classic&quot;}\">\n\t\t\t\t<\/div>\n\t\t\t\t<\/div>","protected":false},"excerpt":{"rendered":"<p>Our Team Introducing our dedicated team at TN Visa Advisors, a USA firm founded in 2016 with a clear vision: to simplify the immigration process. Our founders have firsthand experience navigating the TN Visa process, having worked extensively with different employers over the years. Through these experiences, we gained invaluable knowledge, learning the &#8220;do&#8217;s and [&hellip;]<\/p>\n","protected":false},"author":1,"featured_media":0,"parent":0,"menu_order":0,"comment_status":"closed","ping_status":"closed","template":"","meta":{"_monsterinsights_skip_tracking":false,"_monsterinsights_sitenote_active":false,"_monsterinsights_sitenote_note":"","_monsterinsights_sitenote_category":0,"footnotes":""},"class_list":["post-33","page","type-page","status-publish","hentry"],"_links":{"self":[{"href":"https:\/\/tnvisaadvisors.com\/es\/wp-json\/wp\/v2\/pages\/33","targetHints":{"allow":["GET"]}}],"collection":[{"href":"https:\/\/tnvisaadvisors.com\/es\/wp-json\/wp\/v2\/pages"}],"about":[{"href":"https:\/\/tnvisaadvisors.com\/es\/wp-json\/wp\/v2\/types\/page"}],"author":[{"embeddable":true,"href":"https:\/\/tnvisaadvisors.com\/es\/wp-json\/wp\/v2\/users\/1"}],"replies":[{"embeddable":true,"href":"https:\/\/tnvisaadvisors.com\/es\/wp-json\/wp\/v2\/comments?post=33"}],"version-history":[{"count":58,"href":"https:\/\/tnvisaadvisors.com\/es\/wp-json\/wp\/v2\/pages\/33\/revisions"}],"predecessor-version":[{"id":1248,"href":"https:\/\/tnvisaadvisors.com\/es\/wp-json\/wp\/v2\/pages\/33\/revisions\/1248"}],"wp:attachment":[{"href":"https:\/\/tnvisaadvisors.com\/es\/wp-json\/wp\/v2\/media?parent=33"}],"curies":[{"name":"wp","href":"https:\/\/api.w.org\/{rel}","templated":true}]}}