{"id":27,"date":"2023-06-21T12:53:16","date_gmt":"2023-06-21T12:53:16","guid":{"rendered":"https:\/\/tnvisaadvisors.com\/?page_id=27"},"modified":"2023-07-19T21:10:23","modified_gmt":"2023-07-19T21:10:23","slug":"about","status":"publish","type":"page","link":"https:\/\/tnvisaadvisors.com\/es\/about\/","title":{"rendered":"Nosotros"},"content":{"rendered":"<div data-elementor-type=\"wp-page\" data-elementor-id=\"27\" class=\"elementor elementor-27\" data-elementor-post-type=\"page\">\n\t\t\t\t<div class=\"elementor-element elementor-element-1a5379e e-con-full e-flex e-con e-parent\" data-id=\"1a5379e\" data-element_type=\"container\" data-e-type=\"container\" data-settings=\"{&quot;background_background&quot;:&quot;classic&quot;}\">\n\t\t<div class=\"elementor-element elementor-element-37f37cd e-con-full e-flex e-con e-parent\" data-id=\"37f37cd\" data-element_type=\"container\" data-e-type=\"container\" data-settings=\"{&quot;background_background&quot;:&quot;classic&quot;}\">\n\t\t\t\t<div class=\"elementor-element elementor-element-1c77166 elementor-widget elementor-widget-heading\" data-id=\"1c77166\" data-element_type=\"widget\" data-e-type=\"widget\" data-widget_type=\"heading.default\">\n\t\t\t\t<div class=\"elementor-widget-container\">\n\t\t\t\t\t<h1 class=\"elementor-heading-title elementor-size-default\">Nosotros<\/h1>\t\t\t\t<\/div>\n\t\t\t\t<\/div>\n\t\t\t\t<\/div>\n\t\t<div class=\"elementor-element elementor-element-ccddddc e-con-full elementor-hidden-mobile e-flex e-con e-parent\" data-id=\"ccddddc\" data-element_type=\"container\" data-e-type=\"container\">\n\t\t\t\t<\/div>\n\t\t\t\t<\/div>\n\t\t<div class=\"elementor-element elementor-element-7cfb055 e-flex e-con-boxed e-con e-parent\" data-id=\"7cfb055\" data-element_type=\"container\" data-e-type=\"container\">\n\t\t\t\t\t<div class=\"e-con-inner\">\n\t\t\t\t<div class=\"elementor-element elementor-element-35a21e8 elementor-widget elementor-widget-text-editor\" data-id=\"35a21e8\" data-element_type=\"widget\" data-e-type=\"widget\" data-widget_type=\"text-editor.default\">\n\t\t\t\t<div class=\"elementor-widget-container\">\n\t\t\t\t\t\t\t\t\t<p>TN Visa Advisors, una empresa con sede en los EE. UU. establecida en 2016, tiene sus ra\u00edces en la creencia de que el proceso de inmigraci\u00f3n se puede simplificar. Nuestros fundadores, habiendo navegado personalmente las complejidades del proceso de Visa TN en varios lugares de trabajo, fueron testigos de primera mano de los desaf\u00edos recurrentes e identificaron oportunidades para una mayor eficiencia.<\/p><p>Decididos a agilizar este proceso, colaboramos con especialistas en inmigraci\u00f3n para crear un modelo comercial que desmitifique el proceso de Visa TN. Gracias a esta asociaci\u00f3n estrat\u00e9gica y nuestro enfoque refinado, podemos acelerar el procesamiento de la visa TN en cuesti\u00f3n de d\u00edas a un costo significativamente reducido, ofreciendo una *garant\u00eda de devoluci\u00f3n de dinero si la visa no se aprueba despu\u00e9s de nuestros servicios.<\/p><p>Si bien la aprobaci\u00f3n de una visa TN no puede garantizarse universalmente para todos los solicitantes, nuestro compromiso en TN Visa Advisors es ofrecer un nivel de servicio sin precedentes destinado a garantizar la aprobaci\u00f3n de la visa. Nos enorgullecemos de la seguridad que brindamos a trav\u00e9s de nuestros servicios, un testimonio de nuestro equipo dedicado y laborioso. Antes de iniciar cualquier proceso, llevamos a cabo un an\u00e1lisis riguroso de todos los aspectos y riesgos potenciales para servir mejor a nuestra clientela.<\/p><p>Estamos orgullosos de atender a clientes desde nuestras ubicaciones en Miami, FL y Ciudad de M\u00e9xico.<\/p><p>Para obtener m\u00e1s informaci\u00f3n, p\u00f3ngase en contacto con nosotros en <span style=\"text-decoration: underline;\"><span style=\"color: #000000;\"><a style=\"color: #000000; text-decoration: underline;\" href=\"mailto:info@tnvisaadvisors.com\">info@tnvisaadvisors.com.<\/a><\/span><\/span><\/p>\t\t\t\t\t\t\t\t<\/div>\n\t\t\t\t<\/div>\n\t\t\t\t<div class=\"elementor-element elementor-element-062b8c5 elementor-widget elementor-widget-text-editor\" data-id=\"062b8c5\" data-element_type=\"widget\" data-e-type=\"widget\" data-widget_type=\"text-editor.default\">\n\t\t\t\t<div class=\"elementor-widget-container\">\n\t\t\t\t\t\t\t\t\t<p>*Para ser considerado para la garant\u00eda de TN Visa Advisors, el solicitante primero debe someterse con \u00e9xito a un modelo de evaluaci\u00f3n de riesgos y calificar como candidato de bajo riesgo.<\/p>\t\t\t\t\t\t\t\t<\/div>\n\t\t\t\t<\/div>\n\t\t\t\t\t<\/div>\n\t\t\t\t<\/div>\n\t\t<div class=\"elementor-element elementor-element-fbaeb66 e-flex e-con-boxed e-con e-parent\" data-id=\"fbaeb66\" data-element_type=\"container\" data-e-type=\"container\">\n\t\t\t\t\t<div class=\"e-con-inner\">\n\t\t\t\t<div class=\"elementor-element elementor-element-bd44194 elementor-widget elementor-widget-image\" data-id=\"bd44194\" data-element_type=\"widget\" data-e-type=\"widget\" data-widget_type=\"image.default\">\n\t\t\t\t<div class=\"elementor-widget-container\">\n\t\t\t\t\t\t\t\t\t\t\t\t\t\t\t<img fetchpriority=\"high\" decoding=\"async\" width=\"1555\" height=\"774\" src=\"https:\/\/tnvisaadvisors.com\/wp-content\/uploads\/2023\/06\/About.webp\" class=\"attachment-full size-full wp-image-795\" alt=\"About\" srcset=\"https:\/\/tnvisaadvisors.com\/wp-content\/uploads\/2023\/06\/About.webp 1555w, https:\/\/tnvisaadvisors.com\/wp-content\/uploads\/2023\/06\/About-300x149.webp 300w, https:\/\/tnvisaadvisors.com\/wp-content\/uploads\/2023\/06\/About-1024x510.webp 1024w, https:\/\/tnvisaadvisors.com\/wp-content\/uploads\/2023\/06\/About-768x382.webp 768w, https:\/\/tnvisaadvisors.com\/wp-content\/uploads\/2023\/06\/About-1536x765.webp 1536w\" sizes=\"(max-width: 1555px) 100vw, 1555px\" \/>\t\t\t\t\t\t\t\t\t\t\t\t\t\t\t<\/div>\n\t\t\t\t<\/div>\n\t\t\t\t\t<\/div>\n\t\t\t\t<\/div>\n\t\t<div class=\"elementor-element elementor-element-dedbfed e-con-full e-flex e-con e-parent\" data-id=\"dedbfed\" data-element_type=\"container\" data-e-type=\"container\" data-settings=\"{&quot;background_background&quot;:&quot;classic&quot;}\">\n\t\t\t\t<\/div>\n\t\t\t\t<\/div>","protected":false},"excerpt":{"rendered":"<p>About TN Visa Advisors, a US-based firm established in 2016, is rooted in the belief that the immigration process can be simplified. Our founders, having personally navigated the complexities of the TN Visa process across various workplaces, witnessed firsthand the recurring challenges and identified opportunities for greater efficiency. Determined to streamline this process, we collaborated [&hellip;]<\/p>\n","protected":false},"author":1,"featured_media":0,"parent":0,"menu_order":0,"comment_status":"closed","ping_status":"closed","template":"","meta":{"_monsterinsights_skip_tracking":false,"_monsterinsights_sitenote_active":false,"_monsterinsights_sitenote_note":"","_monsterinsights_sitenote_category":0,"footnotes":""},"class_list":["post-27","page","type-page","status-publish","hentry"],"_links":{"self":[{"href":"https:\/\/tnvisaadvisors.com\/es\/wp-json\/wp\/v2\/pages\/27","targetHints":{"allow":["GET"]}}],"collection":[{"href":"https:\/\/tnvisaadvisors.com\/es\/wp-json\/wp\/v2\/pages"}],"about":[{"href":"https:\/\/tnvisaadvisors.com\/es\/wp-json\/wp\/v2\/types\/page"}],"author":[{"embeddable":true,"href":"https:\/\/tnvisaadvisors.com\/es\/wp-json\/wp\/v2\/users\/1"}],"replies":[{"embeddable":true,"href":"https:\/\/tnvisaadvisors.com\/es\/wp-json\/wp\/v2\/comments?post=27"}],"version-history":[{"count":37,"href":"https:\/\/tnvisaadvisors.com\/es\/wp-json\/wp\/v2\/pages\/27\/revisions"}],"predecessor-version":[{"id":1132,"href":"https:\/\/tnvisaadvisors.com\/es\/wp-json\/wp\/v2\/pages\/27\/revisions\/1132"}],"wp:attachment":[{"href":"https:\/\/tnvisaadvisors.com\/es\/wp-json\/wp\/v2\/media?parent=27"}],"curies":[{"name":"wp","href":"https:\/\/api.w.org\/{rel}","templated":true}]}}