{"id":11,"date":"2023-06-21T12:50:15","date_gmt":"2023-06-21T12:50:15","guid":{"rendered":"https:\/\/tnvisaadvisors.com\/?page_id=11"},"modified":"2023-07-25T19:55:02","modified_gmt":"2023-07-25T19:55:02","slug":"home","status":"publish","type":"page","link":"https:\/\/tnvisaadvisors.com\/es\/","title":{"rendered":"Home"},"content":{"rendered":"<div data-elementor-type=\"wp-page\" data-elementor-id=\"11\" class=\"elementor elementor-11\" data-elementor-post-type=\"page\">\n\t\t\t\t<div class=\"elementor-element elementor-element-f74e7b7 e-flex e-con-boxed e-con e-parent\" data-id=\"f74e7b7\" data-element_type=\"container\" data-e-type=\"container\">\n\t\t\t\t\t<div class=\"e-con-inner\">\n\t\t\t\t<div class=\"elementor-element elementor-element-811711f elementor-widget elementor-widget-image\" data-id=\"811711f\" data-element_type=\"widget\" data-e-type=\"widget\" data-widget_type=\"image.default\">\n\t\t\t\t<div class=\"elementor-widget-container\">\n\t\t\t\t\t\t\t\t\t\t\t\t\t\t\t<img fetchpriority=\"high\" decoding=\"async\" width=\"791\" height=\"135\" src=\"https:\/\/tnvisaadvisors.com\/wp-content\/uploads\/2023\/06\/Logo-TN-Visa-Advisors-big.webp\" class=\"attachment-large size-large wp-image-94\" alt=\"Logo TN Visa Advisors big\" srcset=\"https:\/\/tnvisaadvisors.com\/wp-content\/uploads\/2023\/06\/Logo-TN-Visa-Advisors-big.webp 791w, https:\/\/tnvisaadvisors.com\/wp-content\/uploads\/2023\/06\/Logo-TN-Visa-Advisors-big-300x51.webp 300w, https:\/\/tnvisaadvisors.com\/wp-content\/uploads\/2023\/06\/Logo-TN-Visa-Advisors-big-768x131.webp 768w\" sizes=\"(max-width: 791px) 100vw, 791px\" \/>\t\t\t\t\t\t\t\t\t\t\t\t\t\t\t<\/div>\n\t\t\t\t<\/div>\n\t\t\t\t<div class=\"elementor-element elementor-element-56c91b1 elementor-widget elementor-widget-image\" data-id=\"56c91b1\" data-element_type=\"widget\" data-e-type=\"widget\" data-widget_type=\"image.default\">\n\t\t\t\t<div class=\"elementor-widget-container\">\n\t\t\t\t\t\t\t\t\t\t\t\t\t\t\t<img decoding=\"async\" width=\"293\" height=\"101\" src=\"https:\/\/tnvisaadvisors.com\/wp-content\/uploads\/2023\/06\/TurboVisa_negro-1.webp\" class=\"attachment-large size-large wp-image-95\" alt=\"TurboVisa\" \/>\t\t\t\t\t\t\t\t\t\t\t\t\t\t\t<\/div>\n\t\t\t\t<\/div>\n\t\t\t\t<div class=\"elementor-element elementor-element-4f53f25 elementor-widget elementor-widget-image\" data-id=\"4f53f25\" data-element_type=\"widget\" data-e-type=\"widget\" data-widget_type=\"image.default\">\n\t\t\t\t<div class=\"elementor-widget-container\">\n\t\t\t\t\t\t\t\t\t\t\t\t\t\t\t<img decoding=\"async\" width=\"1564\" height=\"396\" src=\"https:\/\/tnvisaadvisors.com\/wp-content\/uploads\/2023\/06\/Industriestn-vector.webp\" class=\"attachment-full size-full wp-image-97\" alt=\"Industriestn\" srcset=\"https:\/\/tnvisaadvisors.com\/wp-content\/uploads\/2023\/06\/Industriestn-vector.webp 1564w, https:\/\/tnvisaadvisors.com\/wp-content\/uploads\/2023\/06\/Industriestn-vector-300x76.webp 300w, https:\/\/tnvisaadvisors.com\/wp-content\/uploads\/2023\/06\/Industriestn-vector-1024x259.webp 1024w, https:\/\/tnvisaadvisors.com\/wp-content\/uploads\/2023\/06\/Industriestn-vector-768x194.webp 768w, https:\/\/tnvisaadvisors.com\/wp-content\/uploads\/2023\/06\/Industriestn-vector-1536x389.webp 1536w\" sizes=\"(max-width: 1564px) 100vw, 1564px\" \/>\t\t\t\t\t\t\t\t\t\t\t\t\t\t\t<\/div>\n\t\t\t\t<\/div>\n\t\t\t\t<div class=\"elementor-element elementor-element-e43d4f2 elementor-align-center elementor-widget elementor-widget-button\" data-id=\"e43d4f2\" data-element_type=\"widget\" data-e-type=\"widget\" data-widget_type=\"button.default\">\n\t\t\t\t<div class=\"elementor-widget-container\">\n\t\t\t\t\t\t\t\t\t<div class=\"elementor-button-wrapper\">\n\t\t\t\t\t<a class=\"elementor-button elementor-button-link elementor-size-sm elementor-animation-grow\" href=\"https:\/\/www.tnvisaadvisors.us\/turbovisa\/quiz\" target=\"_blank\">\n\t\t\t\t\t\t<span class=\"elementor-button-content-wrapper\">\n\t\t\t\t\t\t\t\t\t<span class=\"elementor-button-text\">Toma Gratis el TN Visa Quiz<\/span>\n\t\t\t\t\t<\/span>\n\t\t\t\t\t<\/a>\n\t\t\t\t<\/div>\n\t\t\t\t\t\t\t\t<\/div>\n\t\t\t\t<\/div>\n\t\t\t\t<div class=\"elementor-element elementor-element-3c29c53 elementor-fixed elementor-hidden-mobile elementor-view-default elementor-widget elementor-widget-icon\" data-id=\"3c29c53\" data-element_type=\"widget\" data-e-type=\"widget\" data-settings=\"{&quot;_position&quot;:&quot;fixed&quot;}\" data-widget_type=\"icon.default\">\n\t\t\t\t<div class=\"elementor-widget-container\">\n\t\t\t\t\t\t\t<div class=\"elementor-icon-wrapper\">\n\t\t\t<a class=\"elementor-icon elementor-animation-float\" href=\"https:\/\/calendly.com\/tnvisaadvisors\" target=\"_blank\">\n\t\t\t<svg xmlns=\"http:\/\/www.w3.org\/2000\/svg\" width=\"123\" height=\"114\" viewbox=\"0 0 123 114\" fill=\"none\"><circle cx=\"57\" cy=\"57\" r=\"57\" fill=\"#FFD332\"><\/circle><g clip-path=\"url(#clip0_167_3260)\"><path d=\"M84.6355 71.0228L77.5332 63.9205C75.6097 61.997 72.3545 61.997 70.431 63.9205L67.1757 67.1757C65.6961 68.6553 63.3287 68.6553 61.7011 67.1757L47.6445 53.1191C46.1648 51.6395 46.1648 49.272 47.6445 47.6444C48.2363 47.0526 49.716 45.5729 50.8997 44.3892C52.8232 42.4657 52.8232 39.2105 50.8997 37.2869L43.7974 30.1847C41.7259 28.2611 38.6187 28.2611 36.6951 30.1847C35.2155 31.6643 34.6236 32.1082 34.0318 32.7001C26.9295 39.8023 26.9295 51.3435 34.0318 58.4458L56.3744 80.7884C63.4766 87.8907 75.0178 87.8907 82.1201 80.7884L84.7835 78.125C86.559 76.2015 86.559 72.9463 84.6355 71.0228ZM75.1658 66.2879L82.2681 73.3902C82.8599 73.982 82.8599 75.1658 82.2681 75.7576L81.0844 76.9413L71.6147 67.4716L72.7984 66.2879C73.3902 65.5481 74.426 65.5481 75.1658 66.2879ZM41.43 32.5521L48.5323 39.6544C49.1241 40.2462 49.1241 41.4299 48.5323 42.0218L47.3486 43.2055L37.8789 33.7358L39.0626 32.5521C39.6544 31.9602 40.6902 31.9602 41.43 32.5521ZM58.7418 78.421L36.3992 56.0784C30.9245 50.6037 30.6286 42.0218 35.5114 36.1032L44.9811 45.5729C42.4657 48.3843 42.6137 52.6752 45.2771 55.3386L59.3336 69.3952C61.997 72.0585 66.288 72.2065 69.0993 69.6911L78.569 79.1608C72.7984 84.1916 64.2165 83.8956 58.7418 78.421Z\" fill=\"white\"><\/path><\/g><defs><clippath id=\"clip0_167_3260\"><rect width=\"57.4101\" height=\"57.4101\" fill=\"white\" transform=\"translate(28.7051 28.705)\"><\/rect><\/clippath><\/defs><\/svg>\t\t\t<\/a>\n\t\t<\/div>\n\t\t\t\t\t\t<\/div>\n\t\t\t\t<\/div>\n\t\t\t\t\t<\/div>\n\t\t\t\t<\/div>\n\t\t<div class=\"elementor-element elementor-element-99d74fe e-flex e-con-boxed e-con e-parent\" data-id=\"99d74fe\" data-element_type=\"container\" data-e-type=\"container\">\n\t\t\t\t\t<div class=\"e-con-inner\">\n\t\t<div class=\"elementor-element elementor-element-00e10a7 e-flex e-con-boxed e-con e-child\" data-id=\"00e10a7\" data-element_type=\"container\" data-e-type=\"container\">\n\t\t\t\t\t<div class=\"e-con-inner\">\n\t\t\t\t<div class=\"elementor-element elementor-element-f9630d7 elementor-widget elementor-widget-text-editor\" data-id=\"f9630d7\" data-element_type=\"widget\" data-e-type=\"widget\" data-widget_type=\"text-editor.default\">\n\t\t\t\t<div class=\"elementor-widget-container\">\n\t\t\t\t\t\t\t\t\t<p>TN Visa Advisors es una firma de inmigraci\u00f3n innovadora enfocada en el procesamiento de visas de trabajo en los Estados Unidos. La compa\u00f1\u00eda est\u00e1 enfocada en brindar una manera simple y eficiente de incorporar talento canadiense y mexicano en los EE. UU. A trav\u00e9s de colaboraciones con abogados de inmigraci\u00f3n y un modelo comercial que simplifica el proceso de Visa TN, la compa\u00f1\u00eda ha desarrollado un proceso m\u00e1s eficiente, que consume menos tiempo y es m\u00e1s rentable tanto para los empleadores como para los empledos.<\/p><p>Nuestro principal sector de especializaci\u00f3n es el procesamiento de visas TN.<\/p>\t\t\t\t\t\t\t\t<\/div>\n\t\t\t\t<\/div>\n\t\t\t\t<div class=\"elementor-element elementor-element-0ba6662 elementor-widget elementor-widget-heading\" data-id=\"0ba6662\" data-element_type=\"widget\" data-e-type=\"widget\" data-widget_type=\"heading.default\">\n\t\t\t\t<div class=\"elementor-widget-container\">\n\t\t\t\t\t<h2 class=\"elementor-heading-title elementor-size-default\">SOME CLIENTS &amp; PARTNERS<\/h2>\t\t\t\t<\/div>\n\t\t\t\t<\/div>\n\t\t<div class=\"elementor-element elementor-element-bc584de e-flex e-con-boxed e-con e-child\" data-id=\"bc584de\" data-element_type=\"container\" data-e-type=\"container\">\n\t\t\t\t\t<div class=\"e-con-inner\">\n\t\t\t\t<div class=\"elementor-element elementor-element-6a8ca92 elementor-widget elementor-widget-image\" data-id=\"6a8ca92\" data-element_type=\"widget\" data-e-type=\"widget\" data-widget_type=\"image.default\">\n\t\t\t\t<div class=\"elementor-widget-container\">\n\t\t\t\t\t\t\t\t\t\t\t\t\t\t\t<img loading=\"lazy\" decoding=\"async\" width=\"251\" height=\"73\" src=\"https:\/\/tnvisaadvisors.com\/wp-content\/uploads\/2023\/06\/Anahuac_Mexico-1.webp\" class=\"attachment-full size-full wp-image-154\" alt=\"Anahuac_Mexico\" \/>\t\t\t\t\t\t\t\t\t\t\t\t\t\t\t<\/div>\n\t\t\t\t<\/div>\n\t\t\t\t<div class=\"elementor-element elementor-element-bc71bcb elementor-widget elementor-widget-image\" data-id=\"bc71bcb\" data-element_type=\"widget\" data-e-type=\"widget\" data-widget_type=\"image.default\">\n\t\t\t\t<div class=\"elementor-widget-container\">\n\t\t\t\t\t\t\t\t\t\t\t\t\t\t\t<img loading=\"lazy\" decoding=\"async\" width=\"294\" height=\"73\" src=\"https:\/\/tnvisaadvisors.com\/wp-content\/uploads\/2023\/06\/Nagarro_logo_new-1.webp\" class=\"attachment-large size-large wp-image-159\" alt=\"Nagarro\" \/>\t\t\t\t\t\t\t\t\t\t\t\t\t\t\t<\/div>\n\t\t\t\t<\/div>\n\t\t\t\t<div class=\"elementor-element elementor-element-8d11354 elementor-widget elementor-widget-image\" data-id=\"8d11354\" data-element_type=\"widget\" data-e-type=\"widget\" data-widget_type=\"image.default\">\n\t\t\t\t<div class=\"elementor-widget-container\">\n\t\t\t\t\t\t\t\t\t\t\t\t\t\t\t<img loading=\"lazy\" decoding=\"async\" width=\"219\" height=\"73\" src=\"https:\/\/tnvisaadvisors.com\/wp-content\/uploads\/2023\/06\/Scholaro-1.webp\" class=\"attachment-large size-large wp-image-160\" alt=\"\" \/>\t\t\t\t\t\t\t\t\t\t\t\t\t\t\t<\/div>\n\t\t\t\t<\/div>\n\t\t\t\t<div class=\"elementor-element elementor-element-05e5ee9 elementor-widget elementor-widget-image\" data-id=\"05e5ee9\" data-element_type=\"widget\" data-e-type=\"widget\" data-widget_type=\"image.default\">\n\t\t\t\t<div class=\"elementor-widget-container\">\n\t\t\t\t\t\t\t\t\t\t\t\t\t\t\t<img loading=\"lazy\" decoding=\"async\" width=\"202\" height=\"114\" src=\"https:\/\/tnvisaadvisors.com\/wp-content\/uploads\/2023\/06\/1492807702FF_Final_Logo-01-e1438013140975-1.webp\" class=\"attachment-large size-large wp-image-152\" alt=\"fREEDOM FOODS\" \/>\t\t\t\t\t\t\t\t\t\t\t\t\t\t\t<\/div>\n\t\t\t\t<\/div>\n\t\t\t\t\t<\/div>\n\t\t\t\t<\/div>\n\t\t<div class=\"elementor-element elementor-element-bedcefa e-flex e-con-boxed e-con e-child\" data-id=\"bedcefa\" data-element_type=\"container\" data-e-type=\"container\">\n\t\t\t\t\t<div class=\"e-con-inner\">\n\t\t\t\t<div class=\"elementor-element elementor-element-74a9f13 elementor-widget elementor-widget-image\" data-id=\"74a9f13\" data-element_type=\"widget\" data-e-type=\"widget\" data-widget_type=\"image.default\">\n\t\t\t\t<div class=\"elementor-widget-container\">\n\t\t\t\t\t\t\t\t\t\t\t\t\t\t\t<img loading=\"lazy\" decoding=\"async\" width=\"148\" height=\"148\" src=\"https:\/\/tnvisaadvisors.com\/wp-content\/uploads\/2023\/06\/University_of_South_Florida_seal-1.webp\" class=\"attachment-full size-full wp-image-162\" alt=\"University_of_South_Florida\" \/>\t\t\t\t\t\t\t\t\t\t\t\t\t\t\t<\/div>\n\t\t\t\t<\/div>\n\t\t\t\t<div class=\"elementor-element elementor-element-490fd90 elementor-widget elementor-widget-image\" data-id=\"490fd90\" data-element_type=\"widget\" data-e-type=\"widget\" data-widget_type=\"image.default\">\n\t\t\t\t<div class=\"elementor-widget-container\">\n\t\t\t\t\t\t\t\t\t\t\t\t\t\t\t<img loading=\"lazy\" decoding=\"async\" width=\"443\" height=\"55\" src=\"https:\/\/tnvisaadvisors.com\/wp-content\/uploads\/2023\/06\/unnamed-1-1.webp\" class=\"attachment-full size-full wp-image-163\" alt=\"fUNADAMEE\" srcset=\"https:\/\/tnvisaadvisors.com\/wp-content\/uploads\/2023\/06\/unnamed-1-1.webp 443w, https:\/\/tnvisaadvisors.com\/wp-content\/uploads\/2023\/06\/unnamed-1-1-300x37.webp 300w\" sizes=\"(max-width: 443px) 100vw, 443px\" \/>\t\t\t\t\t\t\t\t\t\t\t\t\t\t\t<\/div>\n\t\t\t\t<\/div>\n\t\t\t\t<div class=\"elementor-element elementor-element-fccc118 elementor-widget elementor-widget-image\" data-id=\"fccc118\" data-element_type=\"widget\" data-e-type=\"widget\" data-widget_type=\"image.default\">\n\t\t\t\t<div class=\"elementor-widget-container\">\n\t\t\t\t\t\t\t\t\t\t\t\t\t\t\t<img loading=\"lazy\" decoding=\"async\" width=\"295\" height=\"79\" src=\"https:\/\/tnvisaadvisors.com\/wp-content\/uploads\/2023\/06\/Tec-Lean-launch-1.webp\" class=\"attachment-large size-large wp-image-161\" alt=\"Tec-Lean\" \/>\t\t\t\t\t\t\t\t\t\t\t\t\t\t\t<\/div>\n\t\t\t\t<\/div>\n\t\t\t\t<div class=\"elementor-element elementor-element-3ba6431 elementor-widget elementor-widget-image\" data-id=\"3ba6431\" data-element_type=\"widget\" data-e-type=\"widget\" data-widget_type=\"image.default\">\n\t\t\t\t<div class=\"elementor-widget-container\">\n\t\t\t\t\t\t\t\t\t\t\t\t\t\t\t<img loading=\"lazy\" decoding=\"async\" width=\"225\" height=\"225\" src=\"https:\/\/tnvisaadvisors.com\/wp-content\/uploads\/2023\/06\/Logo-Casa-Lumbre-1.webp\" class=\"attachment-large size-large wp-image-157\" alt=\"Logo Casa Lumbre\" srcset=\"https:\/\/tnvisaadvisors.com\/wp-content\/uploads\/2023\/06\/Logo-Casa-Lumbre-1.webp 225w, https:\/\/tnvisaadvisors.com\/wp-content\/uploads\/2023\/06\/Logo-Casa-Lumbre-1-150x150.webp 150w\" sizes=\"(max-width: 225px) 100vw, 225px\" \/>\t\t\t\t\t\t\t\t\t\t\t\t\t\t\t<\/div>\n\t\t\t\t<\/div>\n\t\t\t\t\t<\/div>\n\t\t\t\t<\/div>\n\t\t<div class=\"elementor-element elementor-element-4a6088e e-flex e-con-boxed e-con e-child\" data-id=\"4a6088e\" data-element_type=\"container\" data-e-type=\"container\">\n\t\t\t\t\t<div class=\"e-con-inner\">\n\t\t\t\t<div class=\"elementor-element elementor-element-f2f9bdd elementor-widget elementor-widget-image\" data-id=\"f2f9bdd\" data-element_type=\"widget\" data-e-type=\"widget\" data-widget_type=\"image.default\">\n\t\t\t\t<div class=\"elementor-widget-container\">\n\t\t\t\t\t\t\t\t\t\t\t\t\t\t\t<img loading=\"lazy\" decoding=\"async\" width=\"254\" height=\"82\" src=\"https:\/\/tnvisaadvisors.com\/wp-content\/uploads\/2023\/06\/BMI-1.webp\" class=\"attachment-full size-full wp-image-155\" alt=\"\" \/>\t\t\t\t\t\t\t\t\t\t\t\t\t\t\t<\/div>\n\t\t\t\t<\/div>\n\t\t\t\t<div class=\"elementor-element elementor-element-972dc65 elementor-widget elementor-widget-image\" data-id=\"972dc65\" data-element_type=\"widget\" data-e-type=\"widget\" data-widget_type=\"image.default\">\n\t\t\t\t<div class=\"elementor-widget-container\">\n\t\t\t\t\t\t\t\t\t\t\t\t\t\t\t<img loading=\"lazy\" decoding=\"async\" width=\"229\" height=\"121\" src=\"https:\/\/tnvisaadvisors.com\/wp-content\/uploads\/2023\/06\/aluf-plastics-1.webp\" class=\"attachment-full size-full wp-image-153\" alt=\"aluf plastics\" \/>\t\t\t\t\t\t\t\t\t\t\t\t\t\t\t<\/div>\n\t\t\t\t<\/div>\n\t\t\t\t<div class=\"elementor-element elementor-element-3c9dd0b elementor-widget elementor-widget-image\" data-id=\"3c9dd0b\" data-element_type=\"widget\" data-e-type=\"widget\" data-widget_type=\"image.default\">\n\t\t\t\t<div class=\"elementor-widget-container\">\n\t\t\t\t\t\t\t\t\t\t\t\t\t\t\t<img loading=\"lazy\" decoding=\"async\" width=\"209\" height=\"119\" src=\"https:\/\/tnvisaadvisors.com\/wp-content\/uploads\/2023\/06\/Maguey-spirits-1.webp\" class=\"attachment-large size-large wp-image-158\" alt=\"Maguey spirits\" \/>\t\t\t\t\t\t\t\t\t\t\t\t\t\t\t<\/div>\n\t\t\t\t<\/div>\n\t\t\t\t<div class=\"elementor-element elementor-element-15b4017 elementor-widget elementor-widget-image\" data-id=\"15b4017\" data-element_type=\"widget\" data-e-type=\"widget\" data-widget_type=\"image.default\">\n\t\t\t\t<div class=\"elementor-widget-container\">\n\t\t\t\t\t\t\t\t\t\t\t\t\t\t\t<img loading=\"lazy\" decoding=\"async\" width=\"213\" height=\"109\" src=\"https:\/\/tnvisaadvisors.com\/wp-content\/uploads\/2023\/06\/Kettelsen_consulting-1.webp\" class=\"attachment-large size-large wp-image-156\" alt=\"Kettelsen_consulting\" \/>\t\t\t\t\t\t\t\t\t\t\t\t\t\t\t<\/div>\n\t\t\t\t<\/div>\n\t\t\t\t\t<\/div>\n\t\t\t\t<\/div>\n\t\t\t\t\t<\/div>\n\t\t\t\t<\/div>\n\t\t\t\t\t<\/div>\n\t\t\t\t<\/div>\n\t\t\t\t<\/div>","protected":false},"excerpt":{"rendered":"<p>Take a Free TN Visa Quiz TN Visa Advisors is an innovative immigration firm focused on the processing of work visas in the USA. The company is focused on providing a simple and efficient way to onboard Canadian and Mexican talent in the USA. Through collaborations with immigration attorneys and a business model that simplifies [&hellip;]<\/p>\n","protected":false},"author":1,"featured_media":0,"parent":0,"menu_order":0,"comment_status":"closed","ping_status":"closed","template":"","meta":{"_monsterinsights_skip_tracking":false,"_monsterinsights_sitenote_active":false,"_monsterinsights_sitenote_note":"","_monsterinsights_sitenote_category":0,"footnotes":""},"class_list":["post-11","page","type-page","status-publish","hentry"],"_links":{"self":[{"href":"https:\/\/tnvisaadvisors.com\/es\/wp-json\/wp\/v2\/pages\/11","targetHints":{"allow":["GET"]}}],"collection":[{"href":"https:\/\/tnvisaadvisors.com\/es\/wp-json\/wp\/v2\/pages"}],"about":[{"href":"https:\/\/tnvisaadvisors.com\/es\/wp-json\/wp\/v2\/types\/page"}],"author":[{"embeddable":true,"href":"https:\/\/tnvisaadvisors.com\/es\/wp-json\/wp\/v2\/users\/1"}],"replies":[{"embeddable":true,"href":"https:\/\/tnvisaadvisors.com\/es\/wp-json\/wp\/v2\/comments?post=11"}],"version-history":[{"count":82,"href":"https:\/\/tnvisaadvisors.com\/es\/wp-json\/wp\/v2\/pages\/11\/revisions"}],"predecessor-version":[{"id":1203,"href":"https:\/\/tnvisaadvisors.com\/es\/wp-json\/wp\/v2\/pages\/11\/revisions\/1203"}],"wp:attachment":[{"href":"https:\/\/tnvisaadvisors.com\/es\/wp-json\/wp\/v2\/media?parent=11"}],"curies":[{"name":"wp","href":"https:\/\/api.w.org\/{rel}","templated":true}]}}